{"id":11909,"date":"2026-03-11T16:38:45","date_gmt":"2026-03-11T15:38:45","guid":{"rendered":"https:\/\/plutomeubles.com\/?post_type=product&#038;p=11909"},"modified":"2026-03-13T10:21:37","modified_gmt":"2026-03-13T09:21:37","slug":"table-a-manger-extensible-ares-51940-2","status":"publish","type":"product","link":"https:\/\/plutomeubles.com\/?product=table-a-manger-extensible-ares-51940-2","title":{"rendered":"Table \u00e0 manger extensible Ares 51940-2"},"content":{"rendered":"<h4><b>\u00a0Structure g\u00e9n\u00e9rale :<\/b><\/h4>\n<ul>\n<li><b>Type de produit<\/b> <b>:<\/b><span style=\"font-weight: 400;\"> Table \u00e0 manger<\/span><\/li>\n<li><b>Nombre de personnes<\/b> <b>:<\/b><span style=\"font-weight: 400;\"> 6 \u00e0 8 (10)<\/span><\/li>\n<li aria-level=\"1\"><b>Couleur :<\/b><span style=\"font-weight: 400;\"> Noir<\/span><\/li>\n<li aria-level=\"1\"><b>Forme<\/b> <b>:<\/b><span style=\"font-weight: 400;\"> Rectangle<\/span><\/li>\n<li aria-level=\"1\"><b>Style<\/b> <b>:<\/b><span style=\"font-weight: 400;\"> Moderne<\/span><\/li>\n<li aria-level=\"1\"><b>Extensible<\/b> <b>:<\/b><span style=\"font-weight: 400;\"> Oui<\/span><\/li>\n<\/ul>\n<h4><b>Mat\u00e9riaux et finition :<\/b><\/h4>\n<ul>\n<li style=\"font-weight: 400;\" aria-level=\"1\"><b>Mat\u00e9riau du plateau<\/b> <b>:<\/b><span style=\"font-weight: 400;\"> Pierre fritt\u00e9e Danoise<\/span><\/li>\n<li style=\"font-weight: 400;\" aria-level=\"1\"><b>Couleur du plateau<\/b> <b>:<\/b><span style=\"font-weight: 400;\"> Noir<\/span><\/li>\n<li style=\"font-weight: 400;\" aria-level=\"1\"><b>Mat\u00e9riau du pi\u00e9tement<\/b> <b>:<\/b><span style=\"font-weight: 400;\"> M\u00e9tal<\/span><\/li>\n<li style=\"font-weight: 400;\" aria-level=\"1\"><b>Couleur du pi\u00e9tement<\/b> <b>:<\/b><span style=\"font-weight: 400;\"> Noir<\/span><\/li>\n<li style=\"font-weight: 400;\" aria-level=\"1\"><b>Type de pi\u00e9tement<\/b> <b>:<\/b><span style=\"font-weight: 400;\"> Pied central x (spider)<\/span><\/li>\n<\/ul>\n<h4><b>Dimensions g\u00e9n\u00e9rales :<\/b><\/h4>\n<ul>\n<li style=\"font-weight: 400;\" aria-level=\"1\"><b>Longueur<\/b> <b>:<\/b><span style=\"font-weight: 400;\"> 160 &gt; 240 cm<\/span><\/li>\n<li style=\"font-weight: 400;\" aria-level=\"1\"><b>Largeur<\/b> <b>:<\/b><span style=\"font-weight: 400;\"> 90 cm<\/span><\/li>\n<li style=\"font-weight: 400;\" aria-level=\"1\"><b>Hauteur<\/b> <b>:<\/b><span style=\"font-weight: 400;\"> 77 (74,5 cm)<\/span><\/li>\n<\/ul>\n<h4><b>Dimensions et poids des colis :<\/b><\/h4>\n<ul>\n<li style=\"font-weight: 400;\" aria-level=\"1\"><b>Colis 1<\/b> <b>:<\/b><span style=\"font-weight: 400;\"> L.177 x P.99 x H.23 cm \/ 89,4 kg<\/span><\/li>\n<li style=\"font-weight: 400;\" aria-level=\"1\"><b>Colis 2<\/b> <b>:<\/b><span style=\"font-weight: 400;\"> L.127 x P.66,5 x H.10 cm \/ 10,5 kg<\/span><\/li>\n<li style=\"font-weight: 400;\" aria-level=\"1\"><b>Volume total<\/b> <b>:<\/b><span style=\"font-weight: 400;\"> 0,472 m\u00b3<\/span><\/li>\n<li style=\"font-weight: 400;\" aria-level=\"1\"><b>Poids brut<\/b> <b>:<\/b><span style=\"font-weight: 400;\"> 99,95 kg<\/span><\/li>\n<li style=\"font-weight: 400;\" aria-level=\"1\"><b>Poids net<\/b> <b>:<\/b><span style=\"font-weight: 400;\"> 87,50 kg<\/span><\/li>\n<\/ul>\n<h4><b>Informations pratiques :<\/b><\/h4>\n<ul>\n<li style=\"font-weight: 400;\" aria-level=\"1\"><b>Couleur principale<\/b> <b>:<\/b><span style=\"font-weight: 400;\"> Noir<\/span><\/li>\n<li style=\"font-weight: 400;\" aria-level=\"1\"><b>R\u00e9f\u00e9rence :<\/b><span style=\"font-weight: 400;\"> RS5194002<\/span><\/li>\n<li style=\"font-weight: 400;\" aria-level=\"1\"><b>Barcode : <\/b><span style=\"font-weight: 400;\">5400860194027<\/span><\/li>\n<li style=\"font-weight: 400;\" aria-level=\"1\"><b>\u00c0 monter soi-m\u00eame<\/b> <b>:<\/b><span style=\"font-weight: 400;\"> Oui (livr\u00e9 en kit)<\/span><\/li>\n<\/ul>\n","protected":false},"excerpt":{"rendered":"<p>\u00a0Structure g\u00e9n\u00e9rale : Type de produit : Table \u00e0 manger Nombre de personnes : 6 \u00e0 8 (10) Couleur : Noir Forme : Rectangle Style : Moderne Extensible : Oui Mat\u00e9riaux et finition : Mat\u00e9riau du plateau : Pierre fritt\u00e9e Danoise Couleur du plateau : Noir Mat\u00e9riau du pi\u00e9tement : M\u00e9tal Couleur du pi\u00e9tement : [&hellip;]<\/p>\n","protected":false},"featured_media":11653,"comment_status":"open","ping_status":"closed","template":"","meta":{"_monsterinsights_skip_tracking":false,"_monsterinsights_sitenote_active":false,"_monsterinsights_sitenote_note":"","_monsterinsights_sitenote_category":0},"product_brand":[],"product_cat":[54,57],"product_tag":[],"class_list":{"0":"post-11909","1":"product","2":"type-product","3":"status-publish","4":"has-post-thumbnail","6":"product_cat-sejour","7":"product_cat-table-a-manger","9":"first","10":"instock","11":"shipping-taxable","12":"product-type-simple","13":"add-to-wishlist-after_add_to_cart"},"yoast_head":"<!-- This site is optimized with the Yoast SEO plugin v26.3 - https:\/\/yoast.com\/wordpress\/plugins\/seo\/ -->\n<title>Table \u00e0 manger extensible Ares 51940-2 - Pluto Meubles<\/title>\n<meta name=\"robots\" content=\"noindex, follow, max-snippet:-1, max-image-preview:large, max-video-preview:-1\" \/>\n<meta property=\"og:locale\" content=\"fr_FR\" \/>\n<meta property=\"og:type\" content=\"article\" \/>\n<meta property=\"og:title\" content=\"Table \u00e0 manger extensible Ares 51940-2 - Pluto Meubles\" \/>\n<meta property=\"og:description\" content=\"\u00a0Structure g\u00e9n\u00e9rale : Type de produit : Table \u00e0 manger Nombre de personnes : 6 \u00e0 8 (10) Couleur : Noir Forme : Rectangle Style : Moderne Extensible : Oui Mat\u00e9riaux et finition : Mat\u00e9riau du plateau : Pierre fritt\u00e9e Danoise Couleur du plateau : Noir Mat\u00e9riau du pi\u00e9tement : M\u00e9tal Couleur du pi\u00e9tement : [&hellip;]\" \/>\n<meta property=\"og:url\" content=\"https:\/\/plutomeubles.com\/?product=table-a-manger-extensible-ares-51940-2\" \/>\n<meta property=\"og:site_name\" content=\"Pluto Meubles\" \/>\n<meta property=\"article:modified_time\" content=\"2026-03-13T09:21:37+00:00\" \/>\n<meta property=\"og:image\" content=\"https:\/\/plutomeubles.com\/wp-content\/uploads\/2026\/03\/Table-a-manger-extensible-ovale-Arel-danoise-pierre-noir-5194002-5.jpg\" \/>\n\t<meta property=\"og:image:width\" content=\"1500\" \/>\n\t<meta property=\"og:image:height\" content=\"1000\" \/>\n\t<meta property=\"og:image:type\" content=\"image\/jpeg\" \/>\n<meta name=\"twitter:card\" content=\"summary_large_image\" \/>\n<meta name=\"twitter:label1\" content=\"Dur\u00e9e de lecture estim\u00e9e\" \/>\n\t<meta name=\"twitter:data1\" content=\"1 minute\" \/>\n<script type=\"application\/ld+json\" class=\"yoast-schema-graph\">{\"@context\":\"https:\/\/schema.org\",\"@graph\":[{\"@type\":\"WebPage\",\"@id\":\"https:\/\/plutomeubles.com\/?product=table-a-manger-extensible-ares-51940-2\",\"url\":\"https:\/\/plutomeubles.com\/?product=table-a-manger-extensible-ares-51940-2\",\"name\":\"Table \u00e0 manger extensible Ares 51940-2 - Pluto Meubles\",\"isPartOf\":{\"@id\":\"https:\/\/plutomeubles.com\/#website\"},\"primaryImageOfPage\":{\"@id\":\"https:\/\/plutomeubles.com\/?product=table-a-manger-extensible-ares-51940-2#primaryimage\"},\"image\":{\"@id\":\"https:\/\/plutomeubles.com\/?product=table-a-manger-extensible-ares-51940-2#primaryimage\"},\"thumbnailUrl\":\"https:\/\/plutomeubles.com\/wp-content\/uploads\/2026\/03\/Table-a-manger-extensible-ovale-Arel-danoise-pierre-noir-5194002-5.jpg\",\"datePublished\":\"2026-03-11T15:38:45+00:00\",\"dateModified\":\"2026-03-13T09:21:37+00:00\",\"breadcrumb\":{\"@id\":\"https:\/\/plutomeubles.com\/?product=table-a-manger-extensible-ares-51940-2#breadcrumb\"},\"inLanguage\":\"fr-FR\",\"potentialAction\":[{\"@type\":\"ReadAction\",\"target\":[\"https:\/\/plutomeubles.com\/?product=table-a-manger-extensible-ares-51940-2\"]}]},{\"@type\":\"ImageObject\",\"inLanguage\":\"fr-FR\",\"@id\":\"https:\/\/plutomeubles.com\/?product=table-a-manger-extensible-ares-51940-2#primaryimage\",\"url\":\"https:\/\/plutomeubles.com\/wp-content\/uploads\/2026\/03\/Table-a-manger-extensible-ovale-Arel-danoise-pierre-noir-5194002-5.jpg\",\"contentUrl\":\"https:\/\/plutomeubles.com\/wp-content\/uploads\/2026\/03\/Table-a-manger-extensible-ovale-Arel-danoise-pierre-noir-5194002-5.jpg\",\"width\":1500,\"height\":1000},{\"@type\":\"BreadcrumbList\",\"@id\":\"https:\/\/plutomeubles.com\/?product=table-a-manger-extensible-ares-51940-2#breadcrumb\",\"itemListElement\":[{\"@type\":\"ListItem\",\"position\":1,\"name\":\"Accueil\",\"item\":\"https:\/\/plutomeubles.com\/\"},{\"@type\":\"ListItem\",\"position\":2,\"name\":\"Shop\",\"item\":\"https:\/\/plutomeubles.com\/?page_id=6360\"},{\"@type\":\"ListItem\",\"position\":3,\"name\":\"Table \u00e0 manger extensible Ares 51940-2\"}]},{\"@type\":\"WebSite\",\"@id\":\"https:\/\/plutomeubles.com\/#website\",\"url\":\"https:\/\/plutomeubles.com\/\",\"name\":\"Pluto Meubles\",\"description\":\"\",\"potentialAction\":[{\"@type\":\"SearchAction\",\"target\":{\"@type\":\"EntryPoint\",\"urlTemplate\":\"https:\/\/plutomeubles.com\/?s={search_term_string}\"},\"query-input\":{\"@type\":\"PropertyValueSpecification\",\"valueRequired\":true,\"valueName\":\"search_term_string\"}}],\"inLanguage\":\"fr-FR\"}]}<\/script>\n<!-- \/ Yoast SEO plugin. -->","yoast_head_json":{"title":"Table \u00e0 manger extensible Ares 51940-2 - Pluto Meubles","robots":{"index":"noindex","follow":"follow","max-snippet":"max-snippet:-1","max-image-preview":"max-image-preview:large","max-video-preview":"max-video-preview:-1"},"og_locale":"fr_FR","og_type":"article","og_title":"Table \u00e0 manger extensible Ares 51940-2 - Pluto Meubles","og_description":"\u00a0Structure g\u00e9n\u00e9rale : Type de produit : Table \u00e0 manger Nombre de personnes : 6 \u00e0 8 (10) Couleur : Noir Forme : Rectangle Style : Moderne Extensible : Oui Mat\u00e9riaux et finition : Mat\u00e9riau du plateau : Pierre fritt\u00e9e Danoise Couleur du plateau : Noir Mat\u00e9riau du pi\u00e9tement : M\u00e9tal Couleur du pi\u00e9tement : [&hellip;]","og_url":"https:\/\/plutomeubles.com\/?product=table-a-manger-extensible-ares-51940-2","og_site_name":"Pluto Meubles","article_modified_time":"2026-03-13T09:21:37+00:00","og_image":[{"width":1500,"height":1000,"url":"https:\/\/plutomeubles.com\/wp-content\/uploads\/2026\/03\/Table-a-manger-extensible-ovale-Arel-danoise-pierre-noir-5194002-5.jpg","type":"image\/jpeg"}],"twitter_card":"summary_large_image","twitter_misc":{"Dur\u00e9e de lecture estim\u00e9e":"1 minute"},"schema":{"@context":"https:\/\/schema.org","@graph":[{"@type":"WebPage","@id":"https:\/\/plutomeubles.com\/?product=table-a-manger-extensible-ares-51940-2","url":"https:\/\/plutomeubles.com\/?product=table-a-manger-extensible-ares-51940-2","name":"Table \u00e0 manger extensible Ares 51940-2 - Pluto Meubles","isPartOf":{"@id":"https:\/\/plutomeubles.com\/#website"},"primaryImageOfPage":{"@id":"https:\/\/plutomeubles.com\/?product=table-a-manger-extensible-ares-51940-2#primaryimage"},"image":{"@id":"https:\/\/plutomeubles.com\/?product=table-a-manger-extensible-ares-51940-2#primaryimage"},"thumbnailUrl":"https:\/\/plutomeubles.com\/wp-content\/uploads\/2026\/03\/Table-a-manger-extensible-ovale-Arel-danoise-pierre-noir-5194002-5.jpg","datePublished":"2026-03-11T15:38:45+00:00","dateModified":"2026-03-13T09:21:37+00:00","breadcrumb":{"@id":"https:\/\/plutomeubles.com\/?product=table-a-manger-extensible-ares-51940-2#breadcrumb"},"inLanguage":"fr-FR","potentialAction":[{"@type":"ReadAction","target":["https:\/\/plutomeubles.com\/?product=table-a-manger-extensible-ares-51940-2"]}]},{"@type":"ImageObject","inLanguage":"fr-FR","@id":"https:\/\/plutomeubles.com\/?product=table-a-manger-extensible-ares-51940-2#primaryimage","url":"https:\/\/plutomeubles.com\/wp-content\/uploads\/2026\/03\/Table-a-manger-extensible-ovale-Arel-danoise-pierre-noir-5194002-5.jpg","contentUrl":"https:\/\/plutomeubles.com\/wp-content\/uploads\/2026\/03\/Table-a-manger-extensible-ovale-Arel-danoise-pierre-noir-5194002-5.jpg","width":1500,"height":1000},{"@type":"BreadcrumbList","@id":"https:\/\/plutomeubles.com\/?product=table-a-manger-extensible-ares-51940-2#breadcrumb","itemListElement":[{"@type":"ListItem","position":1,"name":"Accueil","item":"https:\/\/plutomeubles.com\/"},{"@type":"ListItem","position":2,"name":"Shop","item":"https:\/\/plutomeubles.com\/?page_id=6360"},{"@type":"ListItem","position":3,"name":"Table \u00e0 manger extensible Ares 51940-2"}]},{"@type":"WebSite","@id":"https:\/\/plutomeubles.com\/#website","url":"https:\/\/plutomeubles.com\/","name":"Pluto Meubles","description":"","potentialAction":[{"@type":"SearchAction","target":{"@type":"EntryPoint","urlTemplate":"https:\/\/plutomeubles.com\/?s={search_term_string}"},"query-input":{"@type":"PropertyValueSpecification","valueRequired":true,"valueName":"search_term_string"}}],"inLanguage":"fr-FR"}]}},"_links":{"self":[{"href":"https:\/\/plutomeubles.com\/index.php?rest_route=\/wp\/v2\/product\/11909","targetHints":{"allow":["GET"]}}],"collection":[{"href":"https:\/\/plutomeubles.com\/index.php?rest_route=\/wp\/v2\/product"}],"about":[{"href":"https:\/\/plutomeubles.com\/index.php?rest_route=\/wp\/v2\/types\/product"}],"replies":[{"embeddable":true,"href":"https:\/\/plutomeubles.com\/index.php?rest_route=%2Fwp%2Fv2%2Fcomments&post=11909"}],"wp:featuredmedia":[{"embeddable":true,"href":"https:\/\/plutomeubles.com\/index.php?rest_route=\/wp\/v2\/media\/11653"}],"wp:attachment":[{"href":"https:\/\/plutomeubles.com\/index.php?rest_route=%2Fwp%2Fv2%2Fmedia&parent=11909"}],"wp:term":[{"taxonomy":"product_brand","embeddable":true,"href":"https:\/\/plutomeubles.com\/index.php?rest_route=%2Fwp%2Fv2%2Fproduct_brand&post=11909"},{"taxonomy":"product_cat","embeddable":true,"href":"https:\/\/plutomeubles.com\/index.php?rest_route=%2Fwp%2Fv2%2Fproduct_cat&post=11909"},{"taxonomy":"product_tag","embeddable":true,"href":"https:\/\/plutomeubles.com\/index.php?rest_route=%2Fwp%2Fv2%2Fproduct_tag&post=11909"}],"curies":[{"name":"wp","href":"https:\/\/api.w.org\/{rel}","templated":true}]}}