{"id":479,"date":"2021-03-01T11:31:28","date_gmt":"2021-03-01T04:31:28","guid":{"rendered":"https:\/\/plutomeubles.com\/?page_id=479"},"modified":"2021-03-01T11:31:28","modified_gmt":"2021-03-01T04:31:28","slug":"order-tracking","status":"publish","type":"page","link":"https:\/\/plutomeubles.com\/?page_id=479","title":{"rendered":"Track Order"},"content":{"rendered":"<div class=\"woocommerce\">\n<form action=\"https:\/\/plutomeubles.com\/?page_id=479\" method=\"post\" class=\"woocommerce-form woocommerce-form-track-order track_order\">\n\n\t\n\t<p>Pour suivre votre commande veuillez saisir votre ID de commande dans la boite ci-dessous et cliquer le bouton \u00ab\u00a0Suivre\u00a0\u00bb. Il vous a \u00e9t\u00e9 donn\u00e9 sur votre re\u00e7u et dans l\u2019e-mail de confirmation que vous avez du recevoir.<\/p>\n\n\t<p class=\"form-row form-row-first\"><label for=\"orderid\">N&deg; de commande<\/label> <input class=\"input-text\" type=\"text\" name=\"orderid\" id=\"orderid\" value=\"\" placeholder=\"Pr\u00e9sent dans l\u2019e-mail de confirmation de commande.\" \/><\/p>\t<p class=\"form-row form-row-last\"><label for=\"order_email\">E-mail de facturation<\/label> <input class=\"input-text\" type=\"text\" name=\"order_email\" id=\"order_email\" value=\"\" placeholder=\"E-mail utilis\u00e9 pour la commande.\" \/><\/p>\t<div class=\"clear\"><\/div>\n\n\t\n\t<p class=\"form-row\"><button type=\"submit\" class=\"button\" name=\"track\" value=\"Suivre\">Suivre<\/button><\/p>\n\t<input type=\"hidden\" id=\"woocommerce-order-tracking-nonce\" name=\"woocommerce-order-tracking-nonce\" value=\"1d3143f004\" \/><input type=\"hidden\" name=\"_wp_http_referer\" value=\"\/index.php?rest_route=%2Fwp%2Fv2%2Fpages%2F479\" \/>\n\t\n<\/form>\n<\/div>\n","protected":false},"excerpt":{"rendered":"","protected":false},"author":1,"featured_media":0,"parent":0,"menu_order":0,"comment_status":"closed","ping_status":"closed","template":"","meta":{"_monsterinsights_skip_tracking":false,"_monsterinsights_sitenote_active":false,"_monsterinsights_sitenote_note":"","_monsterinsights_sitenote_category":0,"footnotes":""},"class_list":["post-479","page","type-page","status-publish","hentry"],"yoast_head":"<!-- This site is optimized with the Yoast SEO plugin v26.3 - https:\/\/yoast.com\/wordpress\/plugins\/seo\/ -->\n<title>Track Order - Pluto Meubles<\/title>\n<meta name=\"robots\" content=\"noindex, follow, max-snippet:-1, max-image-preview:large, max-video-preview:-1\" \/>\n<meta property=\"og:locale\" content=\"fr_FR\" \/>\n<meta property=\"og:type\" content=\"article\" \/>\n<meta property=\"og:title\" content=\"Track Order - Pluto Meubles\" \/>\n<meta property=\"og:url\" content=\"https:\/\/plutomeubles.com\/?page_id=479\" \/>\n<meta property=\"og:site_name\" content=\"Pluto Meubles\" \/>\n<meta name=\"twitter:card\" content=\"summary_large_image\" \/>\n<script type=\"application\/ld+json\" class=\"yoast-schema-graph\">{\"@context\":\"https:\/\/schema.org\",\"@graph\":[{\"@type\":\"WebPage\",\"@id\":\"https:\/\/plutomeubles.com\/?page_id=479\",\"url\":\"https:\/\/plutomeubles.com\/?page_id=479\",\"name\":\"Track Order - Pluto Meubles\",\"isPartOf\":{\"@id\":\"https:\/\/plutomeubles.com\/#website\"},\"datePublished\":\"2021-03-01T04:31:28+00:00\",\"breadcrumb\":{\"@id\":\"https:\/\/plutomeubles.com\/?page_id=479#breadcrumb\"},\"inLanguage\":\"fr-FR\",\"potentialAction\":[{\"@type\":\"ReadAction\",\"target\":[\"https:\/\/plutomeubles.com\/?page_id=479\"]}]},{\"@type\":\"BreadcrumbList\",\"@id\":\"https:\/\/plutomeubles.com\/?page_id=479#breadcrumb\",\"itemListElement\":[{\"@type\":\"ListItem\",\"position\":1,\"name\":\"Accueil\",\"item\":\"https:\/\/plutomeubles.com\/\"},{\"@type\":\"ListItem\",\"position\":2,\"name\":\"Track Order\"}]},{\"@type\":\"WebSite\",\"@id\":\"https:\/\/plutomeubles.com\/#website\",\"url\":\"https:\/\/plutomeubles.com\/\",\"name\":\"Pluto Meubles\",\"description\":\"\",\"potentialAction\":[{\"@type\":\"SearchAction\",\"target\":{\"@type\":\"EntryPoint\",\"urlTemplate\":\"https:\/\/plutomeubles.com\/?s={search_term_string}\"},\"query-input\":{\"@type\":\"PropertyValueSpecification\",\"valueRequired\":true,\"valueName\":\"search_term_string\"}}],\"inLanguage\":\"fr-FR\"}]}<\/script>\n<!-- \/ Yoast SEO plugin. -->","yoast_head_json":{"title":"Track Order - Pluto Meubles","robots":{"index":"noindex","follow":"follow","max-snippet":"max-snippet:-1","max-image-preview":"max-image-preview:large","max-video-preview":"max-video-preview:-1"},"og_locale":"fr_FR","og_type":"article","og_title":"Track Order - Pluto Meubles","og_url":"https:\/\/plutomeubles.com\/?page_id=479","og_site_name":"Pluto Meubles","twitter_card":"summary_large_image","schema":{"@context":"https:\/\/schema.org","@graph":[{"@type":"WebPage","@id":"https:\/\/plutomeubles.com\/?page_id=479","url":"https:\/\/plutomeubles.com\/?page_id=479","name":"Track Order - Pluto Meubles","isPartOf":{"@id":"https:\/\/plutomeubles.com\/#website"},"datePublished":"2021-03-01T04:31:28+00:00","breadcrumb":{"@id":"https:\/\/plutomeubles.com\/?page_id=479#breadcrumb"},"inLanguage":"fr-FR","potentialAction":[{"@type":"ReadAction","target":["https:\/\/plutomeubles.com\/?page_id=479"]}]},{"@type":"BreadcrumbList","@id":"https:\/\/plutomeubles.com\/?page_id=479#breadcrumb","itemListElement":[{"@type":"ListItem","position":1,"name":"Accueil","item":"https:\/\/plutomeubles.com\/"},{"@type":"ListItem","position":2,"name":"Track Order"}]},{"@type":"WebSite","@id":"https:\/\/plutomeubles.com\/#website","url":"https:\/\/plutomeubles.com\/","name":"Pluto Meubles","description":"","potentialAction":[{"@type":"SearchAction","target":{"@type":"EntryPoint","urlTemplate":"https:\/\/plutomeubles.com\/?s={search_term_string}"},"query-input":{"@type":"PropertyValueSpecification","valueRequired":true,"valueName":"search_term_string"}}],"inLanguage":"fr-FR"}]}},"_links":{"self":[{"href":"https:\/\/plutomeubles.com\/index.php?rest_route=\/wp\/v2\/pages\/479","targetHints":{"allow":["GET"]}}],"collection":[{"href":"https:\/\/plutomeubles.com\/index.php?rest_route=\/wp\/v2\/pages"}],"about":[{"href":"https:\/\/plutomeubles.com\/index.php?rest_route=\/wp\/v2\/types\/page"}],"author":[{"embeddable":true,"href":"https:\/\/plutomeubles.com\/index.php?rest_route=\/wp\/v2\/users\/1"}],"replies":[{"embeddable":true,"href":"https:\/\/plutomeubles.com\/index.php?rest_route=%2Fwp%2Fv2%2Fcomments&post=479"}],"version-history":[{"count":0,"href":"https:\/\/plutomeubles.com\/index.php?rest_route=\/wp\/v2\/pages\/479\/revisions"}],"wp:attachment":[{"href":"https:\/\/plutomeubles.com\/index.php?rest_route=%2Fwp%2Fv2%2Fmedia&parent=479"}],"curies":[{"name":"wp","href":"https:\/\/api.w.org\/{rel}","templated":true}]}}